{"id":640,"date":"2017-04-10T07:59:42","date_gmt":"2017-04-10T05:59:42","guid":{"rendered":"https:\/\/www.suzanneosten.se\/?page_id=640\/"},"modified":"2022-05-27T11:06:10","modified_gmt":"2022-05-27T09:06:10","slug":"theatre","status":"publish","type":"page","link":"https:\/\/www.suzanneosten.se\/en\/theatre\/","title":{"rendered":"Theatre"},"content":{"rendered":"\n<div class=\"wp-block-cover alignfull\"><span aria-hidden=\"true\" class=\"wp-block-cover__background has-background-dim-20 has-background-dim\"><\/span><img decoding=\"async\" class=\"wp-block-cover__image-background wp-image-888\" alt=\"\" src=\"https:\/\/www.suzanneosten.se\/wp-content\/uploads\/2020\/01\/SUZANNE-OSTEN-12.jpg\" data-object-fit=\"cover\"\/><div class=\"wp-block-cover__inner-container is-layout-flow wp-block-cover-is-layout-flow\">\n<p class=\"has-text-align-center has-large-font-size\"><\/p>\n<\/div><\/div>\n\n\n\n<div class=\"wp-block-columns alignwide is-layout-flex wp-container-core-columns-is-layout-28f84493 wp-block-columns-is-layout-flex\">\n<div class=\"wp-block-column is-layout-flow wp-block-column-is-layout-flow\">\n<p>Most of my plays are in the <a href=\"http:\/\/www.ungaklara.se\/forestallningar\/#pjasarkiv\" target=\"_blank\" rel=\"noopener\">archive at Unga Klara<\/a>. Other plays:<\/p>\n\n\n\n<ul class=\"wp-block-list\"><li>Fickteatern (1967 &#8211; 1971) <ul><li>Allt v\u00e4xer till det hejdas s\u00e5nger bild (1967)<\/li><li>M\u00e4nniskan i Stan (1968) <\/li><\/ul><\/li><li>SVT <ul><li>Hemligheter, f\u00f6r l\u00e5gstadiet (1968)<\/li><li>Slagd\u00e4ngor, Sonja \u00c5kessons texter<\/li><li>Moa, \u00d6sten och Stella (1973)<\/li><li>K\u00e4rleksf\u00f6rest\u00e4llningen (1974) <\/li><\/ul><\/li><li>SR <ul><li>Radiopj\u00e4ser, see <a href=\"http:\/\/sverigesradio.se\/sida\/default.aspx?programid=965\" target=\"_blank\" rel=\"noopener\">Radioteaterns archive<\/a><\/li><li>Begravningsscener i svensk film <\/li><\/ul><\/li><li>Stockholms Stadsteater <ul><li>Fabriksflickorna (1980)<\/li><li>En fruktansv\u00e4rd Lycka (1981) <\/li><\/ul><\/li><li>G\u00f6teborgs stadsteater <ul><li>I Annas Garderob (2014)<\/li><li>Publiken (2009)<\/li><\/ul><\/li><li>Malm\u00f6 Stadsteater<ul><li>Ett sj\u00e4lvmords anatomi (2019)<\/li><\/ul><\/li><li>Dramaten<ul><li>Falla ur tiden av David Grossman (2016)<\/li><li>Fenix av Ann Sofie Barany (2018)<\/li><li>Furstinnan av Amalfi (2020)<\/li><\/ul><\/li><li>Others<ul><li>Pampiga Systrars symfoni (2019)<\/li><\/ul><\/li><\/ul>\n\n\n\n<h2 class=\"wp-block-heading\">Operas<\/h2>\n\n\n\n<ul class=\"wp-block-list\"><li>Glada \u00e4nkan, Folkoperan (2005)<\/li><li>Magnus Maria,&nbsp;Kulturf\u00f6reningen Katrina (2014)<\/li><li>\u00c5land (2014)<\/li><\/ul>\n<\/div>\n\n\n\n<div class=\"wp-block-column is-layout-flow wp-block-column-is-layout-flow\">\n<figure class=\"wp-block-image size-large\"><img loading=\"lazy\" decoding=\"async\" width=\"739\" height=\"1024\" src=\"https:\/\/www.suzanneosten.se\/wp-content\/uploads\/2022\/03\/suzanne-osten-teater-82-739x1024.jpg\" alt=\"\" class=\"wp-image-1093\" srcset=\"https:\/\/www.suzanneosten.se\/wp-content\/uploads\/2022\/03\/suzanne-osten-teater-82-739x1024.jpg 739w, https:\/\/www.suzanneosten.se\/wp-content\/uploads\/2022\/03\/suzanne-osten-teater-82-216x300.jpg 216w, https:\/\/www.suzanneosten.se\/wp-content\/uploads\/2022\/03\/suzanne-osten-teater-82-768x1064.jpg 768w, https:\/\/www.suzanneosten.se\/wp-content\/uploads\/2022\/03\/suzanne-osten-teater-82-1108x1536.jpg 1108w, https:\/\/www.suzanneosten.se\/wp-content\/uploads\/2022\/03\/suzanne-osten-teater-82.jpg 1223w\" sizes=\"auto, (max-width: 739px) 100vw, 739px\" \/><figcaption>Suzanne Osten, 1982<\/figcaption><\/figure>\n<\/div>\n<\/div>\n","protected":false},"excerpt":{"rendered":"<p>Most of my plays are in the archive at Unga Klara. Other plays: Fickteatern (1967 &#8211; 1971) Allt v\u00e4xer till det hejdas s\u00e5nger bild (1967) M\u00e4nniskan i Stan (1968) SVT Hemligheter, f\u00f6r l\u00e5gstadiet (1968) Slagd\u00e4ngor, Sonja \u00c5kessons texter Moa, \u00d6sten och Stella (1973) K\u00e4rleksf\u00f6rest\u00e4llningen (1974) SR Radiopj\u00e4ser, see Radioteaterns archive Begravningsscener i svensk film Stockholms [&hellip;]<\/p>\n","protected":false},"author":1,"featured_media":0,"parent":0,"menu_order":40,"comment_status":"closed","ping_status":"closed","template":"","meta":{"footnotes":""},"class_list":["post-640","page","type-page","status-publish","hentry"],"yoast_head":"<!-- This site is optimized with the Yoast SEO plugin v27.4 - https:\/\/yoast.com\/product\/yoast-seo-wordpress\/ -->\n<title>Theatre - Suzanne Osten<\/title>\n<meta name=\"robots\" content=\"index, follow, max-snippet:-1, max-image-preview:large, max-video-preview:-1\" \/>\n<link rel=\"canonical\" href=\"https:\/\/www.suzanneosten.se\/en\/theatre\/\" \/>\n<meta property=\"og:locale\" content=\"en_US\" \/>\n<meta property=\"og:type\" content=\"article\" \/>\n<meta property=\"og:title\" content=\"Theatre - Suzanne Osten\" \/>\n<meta property=\"og:description\" content=\"Most of my plays are in the archive at Unga Klara. Other plays: Fickteatern (1967 &#8211; 1971) Allt v\u00e4xer till det hejdas s\u00e5nger bild (1967) M\u00e4nniskan i Stan (1968) SVT Hemligheter, f\u00f6r l\u00e5gstadiet (1968) Slagd\u00e4ngor, Sonja \u00c5kessons texter Moa, \u00d6sten och Stella (1973) K\u00e4rleksf\u00f6rest\u00e4llningen (1974) SR Radiopj\u00e4ser, see Radioteaterns archive Begravningsscener i svensk film Stockholms [&hellip;]\" \/>\n<meta property=\"og:url\" content=\"https:\/\/www.suzanneosten.se\/en\/theatre\/\" \/>\n<meta property=\"og:site_name\" content=\"Suzanne Osten\" \/>\n<meta property=\"article:modified_time\" content=\"2022-05-27T09:06:10+00:00\" \/>\n<meta property=\"og:image\" content=\"https:\/\/www.suzanneosten.se\/wp-content\/uploads\/2020\/01\/SUZANNE-OSTEN-12.jpg\" \/>\n<meta name=\"twitter:card\" content=\"summary_large_image\" \/>\n<meta name=\"twitter:label1\" content=\"Est. reading time\" \/>\n\t<meta name=\"twitter:data1\" content=\"1 minute\" \/>\n<script type=\"application\/ld+json\" class=\"yoast-schema-graph\">{\"@context\":\"https:\\\/\\\/schema.org\",\"@graph\":[{\"@type\":\"WebPage\",\"@id\":\"https:\\\/\\\/www.suzanneosten.se\\\/en\\\/theatre\\\/\",\"url\":\"https:\\\/\\\/www.suzanneosten.se\\\/en\\\/theatre\\\/\",\"name\":\"Theatre - Suzanne Osten\",\"isPartOf\":{\"@id\":\"https:\\\/\\\/www.suzanneosten.se\\\/en\\\/#website\"},\"primaryImageOfPage\":{\"@id\":\"https:\\\/\\\/www.suzanneosten.se\\\/en\\\/theatre\\\/#primaryimage\"},\"image\":{\"@id\":\"https:\\\/\\\/www.suzanneosten.se\\\/en\\\/theatre\\\/#primaryimage\"},\"thumbnailUrl\":\"https:\\\/\\\/www.suzanneosten.se\\\/wp-content\\\/uploads\\\/2020\\\/01\\\/SUZANNE-OSTEN-12.jpg\",\"datePublished\":\"2017-04-10T05:59:42+00:00\",\"dateModified\":\"2022-05-27T09:06:10+00:00\",\"breadcrumb\":{\"@id\":\"https:\\\/\\\/www.suzanneosten.se\\\/en\\\/theatre\\\/#breadcrumb\"},\"inLanguage\":\"en-US\",\"potentialAction\":[{\"@type\":\"ReadAction\",\"target\":[\"https:\\\/\\\/www.suzanneosten.se\\\/en\\\/theatre\\\/\"]}]},{\"@type\":\"ImageObject\",\"inLanguage\":\"en-US\",\"@id\":\"https:\\\/\\\/www.suzanneosten.se\\\/en\\\/theatre\\\/#primaryimage\",\"url\":\"https:\\\/\\\/www.suzanneosten.se\\\/wp-content\\\/uploads\\\/2020\\\/01\\\/SUZANNE-OSTEN-12.jpg\",\"contentUrl\":\"https:\\\/\\\/www.suzanneosten.se\\\/wp-content\\\/uploads\\\/2020\\\/01\\\/SUZANNE-OSTEN-12.jpg\"},{\"@type\":\"BreadcrumbList\",\"@id\":\"https:\\\/\\\/www.suzanneosten.se\\\/en\\\/theatre\\\/#breadcrumb\",\"itemListElement\":[{\"@type\":\"ListItem\",\"position\":1,\"name\":\"Hem\",\"item\":\"https:\\\/\\\/www.suzanneosten.se\\\/en\\\/startsida\\\/\"},{\"@type\":\"ListItem\",\"position\":2,\"name\":\"Theatre\"}]},{\"@type\":\"WebSite\",\"@id\":\"https:\\\/\\\/www.suzanneosten.se\\\/en\\\/#website\",\"url\":\"https:\\\/\\\/www.suzanneosten.se\\\/en\\\/\",\"name\":\"Suzanne Osten\",\"description\":\"Officiell webbplats\",\"potentialAction\":[{\"@type\":\"SearchAction\",\"target\":{\"@type\":\"EntryPoint\",\"urlTemplate\":\"https:\\\/\\\/www.suzanneosten.se\\\/en\\\/?s={search_term_string}\"},\"query-input\":{\"@type\":\"PropertyValueSpecification\",\"valueRequired\":true,\"valueName\":\"search_term_string\"}}],\"inLanguage\":\"en-US\"}]}<\/script>\n<!-- \/ Yoast SEO plugin. -->","yoast_head_json":{"title":"Theatre - Suzanne Osten","robots":{"index":"index","follow":"follow","max-snippet":"max-snippet:-1","max-image-preview":"max-image-preview:large","max-video-preview":"max-video-preview:-1"},"canonical":"https:\/\/www.suzanneosten.se\/en\/theatre\/","og_locale":"en_US","og_type":"article","og_title":"Theatre - Suzanne Osten","og_description":"Most of my plays are in the archive at Unga Klara. Other plays: Fickteatern (1967 &#8211; 1971) Allt v\u00e4xer till det hejdas s\u00e5nger bild (1967) M\u00e4nniskan i Stan (1968) SVT Hemligheter, f\u00f6r l\u00e5gstadiet (1968) Slagd\u00e4ngor, Sonja \u00c5kessons texter Moa, \u00d6sten och Stella (1973) K\u00e4rleksf\u00f6rest\u00e4llningen (1974) SR Radiopj\u00e4ser, see Radioteaterns archive Begravningsscener i svensk film Stockholms [&hellip;]","og_url":"https:\/\/www.suzanneosten.se\/en\/theatre\/","og_site_name":"Suzanne Osten","article_modified_time":"2022-05-27T09:06:10+00:00","og_image":[{"url":"https:\/\/www.suzanneosten.se\/wp-content\/uploads\/2020\/01\/SUZANNE-OSTEN-12.jpg","type":"","width":"","height":""}],"twitter_card":"summary_large_image","twitter_misc":{"Est. reading time":"1 minute"},"schema":{"@context":"https:\/\/schema.org","@graph":[{"@type":"WebPage","@id":"https:\/\/www.suzanneosten.se\/en\/theatre\/","url":"https:\/\/www.suzanneosten.se\/en\/theatre\/","name":"Theatre - Suzanne Osten","isPartOf":{"@id":"https:\/\/www.suzanneosten.se\/en\/#website"},"primaryImageOfPage":{"@id":"https:\/\/www.suzanneosten.se\/en\/theatre\/#primaryimage"},"image":{"@id":"https:\/\/www.suzanneosten.se\/en\/theatre\/#primaryimage"},"thumbnailUrl":"https:\/\/www.suzanneosten.se\/wp-content\/uploads\/2020\/01\/SUZANNE-OSTEN-12.jpg","datePublished":"2017-04-10T05:59:42+00:00","dateModified":"2022-05-27T09:06:10+00:00","breadcrumb":{"@id":"https:\/\/www.suzanneosten.se\/en\/theatre\/#breadcrumb"},"inLanguage":"en-US","potentialAction":[{"@type":"ReadAction","target":["https:\/\/www.suzanneosten.se\/en\/theatre\/"]}]},{"@type":"ImageObject","inLanguage":"en-US","@id":"https:\/\/www.suzanneosten.se\/en\/theatre\/#primaryimage","url":"https:\/\/www.suzanneosten.se\/wp-content\/uploads\/2020\/01\/SUZANNE-OSTEN-12.jpg","contentUrl":"https:\/\/www.suzanneosten.se\/wp-content\/uploads\/2020\/01\/SUZANNE-OSTEN-12.jpg"},{"@type":"BreadcrumbList","@id":"https:\/\/www.suzanneosten.se\/en\/theatre\/#breadcrumb","itemListElement":[{"@type":"ListItem","position":1,"name":"Hem","item":"https:\/\/www.suzanneosten.se\/en\/startsida\/"},{"@type":"ListItem","position":2,"name":"Theatre"}]},{"@type":"WebSite","@id":"https:\/\/www.suzanneosten.se\/en\/#website","url":"https:\/\/www.suzanneosten.se\/en\/","name":"Suzanne Osten","description":"Officiell webbplats","potentialAction":[{"@type":"SearchAction","target":{"@type":"EntryPoint","urlTemplate":"https:\/\/www.suzanneosten.se\/en\/?s={search_term_string}"},"query-input":{"@type":"PropertyValueSpecification","valueRequired":true,"valueName":"search_term_string"}}],"inLanguage":"en-US"}]}},"_links":{"self":[{"href":"https:\/\/www.suzanneosten.se\/en\/wp-json\/wp\/v2\/pages\/640","targetHints":{"allow":["GET"]}}],"collection":[{"href":"https:\/\/www.suzanneosten.se\/en\/wp-json\/wp\/v2\/pages"}],"about":[{"href":"https:\/\/www.suzanneosten.se\/en\/wp-json\/wp\/v2\/types\/page"}],"author":[{"embeddable":true,"href":"https:\/\/www.suzanneosten.se\/en\/wp-json\/wp\/v2\/users\/1"}],"replies":[{"embeddable":true,"href":"https:\/\/www.suzanneosten.se\/en\/wp-json\/wp\/v2\/comments?post=640"}],"version-history":[{"count":10,"href":"https:\/\/www.suzanneosten.se\/en\/wp-json\/wp\/v2\/pages\/640\/revisions"}],"predecessor-version":[{"id":1215,"href":"https:\/\/www.suzanneosten.se\/en\/wp-json\/wp\/v2\/pages\/640\/revisions\/1215"}],"wp:attachment":[{"href":"https:\/\/www.suzanneosten.se\/en\/wp-json\/wp\/v2\/media?parent=640"}],"curies":[{"name":"wp","href":"https:\/\/api.w.org\/{rel}","templated":true}]}}