{"id":632,"date":"2017-04-10T07:57:16","date_gmt":"2017-04-10T05:57:16","guid":{"rendered":"https:\/\/www.suzanneosten.se\/?page_id=632\/"},"modified":"2022-05-27T10:51:13","modified_gmt":"2022-05-27T08:51:13","slug":"books","status":"publish","type":"page","link":"https:\/\/www.suzanneosten.se\/en\/books\/","title":{"rendered":"Books"},"content":{"rendered":"\n<p>A selection of books I&#8217;ve published.<\/p>\n\n\n\n<figure class=\"wp-block-gallery has-nested-images columns-3 is-cropped wp-block-gallery-1 is-layout-flex wp-block-gallery-is-layout-flex\">\n<figure class=\"wp-block-image size-large\"><img loading=\"lazy\" decoding=\"async\" width=\"180\" height=\"265\" data-id=\"586\" src=\"https:\/\/www.suzanneosten.se\/wp-content\/uploads\/2015\/01\/barnteater-som-konst.jpg\" alt=\"\" class=\"wp-image-586\"\/><\/figure>\n\n\n\n<figure class=\"wp-block-image size-large\"><img loading=\"lazy\" decoding=\"async\" width=\"177\" height=\"300\" data-id=\"585\" src=\"https:\/\/www.suzanneosten.se\/wp-content\/uploads\/2015\/01\/nio-pjaser-pa-unga-klara.jpg\" alt=\"\" class=\"wp-image-585\"\/><\/figure>\n\n\n\n<figure class=\"wp-block-image size-large\"><img loading=\"lazy\" decoding=\"async\" width=\"180\" height=\"300\" data-id=\"584\" src=\"https:\/\/www.suzanneosten.se\/wp-content\/uploads\/2015\/01\/mina-meningar.jpg\" alt=\"\" class=\"wp-image-584\"\/><\/figure>\n\n\n\n<figure class=\"wp-block-image size-large\"><img loading=\"lazy\" decoding=\"async\" width=\"347\" height=\"513\" data-id=\"583\" src=\"https:\/\/www.suzanneosten.se\/wp-content\/uploads\/2015\/01\/flickan-mamman-och-soporna.jpg\" alt=\"\" class=\"wp-image-583\" srcset=\"https:\/\/www.suzanneosten.se\/wp-content\/uploads\/2015\/01\/flickan-mamman-och-soporna.jpg 347w, https:\/\/www.suzanneosten.se\/wp-content\/uploads\/2015\/01\/flickan-mamman-och-soporna-203x300.jpg 203w\" sizes=\"auto, (max-width: 347px) 100vw, 347px\" \/><\/figure>\n\n\n\n<figure class=\"wp-block-image size-large\"><img loading=\"lazy\" decoding=\"async\" width=\"180\" height=\"293\" data-id=\"581\" src=\"https:\/\/www.suzanneosten.se\/wp-content\/uploads\/2015\/01\/babydrama.jpg\" alt=\"\" class=\"wp-image-581\"\/><\/figure>\n\n\n\n<figure class=\"wp-block-image size-large\"><img loading=\"lazy\" decoding=\"async\" width=\"187\" height=\"300\" data-id=\"582\" src=\"https:\/\/www.suzanneosten.se\/wp-content\/uploads\/2015\/01\/det-allra-viktigaste-dagbok.jpg\" alt=\"\" class=\"wp-image-582\"\/><\/figure>\n<\/figure>\n\n\n\n<p><br><em>Papperspappa<\/em><\/p>\n\n\n\n<p><em>Pj\u00e4ser med Margareta Garpe<\/em><\/p>\n\n\n\n<p><em>J\u00f6sses flickor &#8211; befrielsen \u00e4r n\u00e4ra<\/em><\/p>\n\n\n\n<p><em>K\u00e4rleksf\u00f6rest\u00e4llningar\/J\u00f6sses Flickor<\/em><\/p>\n","protected":false},"excerpt":{"rendered":"<p>A selection of books I&#8217;ve published. Papperspappa Pj\u00e4ser med Margareta Garpe J\u00f6sses flickor &#8211; befrielsen \u00e4r n\u00e4ra K\u00e4rleksf\u00f6rest\u00e4llningar\/J\u00f6sses Flickor<\/p>\n","protected":false},"author":1,"featured_media":0,"parent":0,"menu_order":30,"comment_status":"closed","ping_status":"open","template":"","meta":{"footnotes":""},"class_list":["post-632","page","type-page","status-publish","hentry"],"yoast_head":"<!-- This site is optimized with the Yoast SEO plugin v27.4 - https:\/\/yoast.com\/product\/yoast-seo-wordpress\/ -->\n<title>Books - Suzanne Osten<\/title>\n<meta name=\"robots\" content=\"index, follow, max-snippet:-1, max-image-preview:large, max-video-preview:-1\" \/>\n<link rel=\"canonical\" href=\"https:\/\/www.suzanneosten.se\/en\/books\/\" \/>\n<meta property=\"og:locale\" content=\"en_US\" \/>\n<meta property=\"og:type\" content=\"article\" \/>\n<meta property=\"og:title\" content=\"Books - Suzanne Osten\" \/>\n<meta property=\"og:description\" content=\"A selection of books I&#8217;ve published. Papperspappa Pj\u00e4ser med Margareta Garpe J\u00f6sses flickor &#8211; befrielsen \u00e4r n\u00e4ra K\u00e4rleksf\u00f6rest\u00e4llningar\/J\u00f6sses Flickor\" \/>\n<meta property=\"og:url\" content=\"https:\/\/www.suzanneosten.se\/en\/books\/\" \/>\n<meta property=\"og:site_name\" content=\"Suzanne Osten\" \/>\n<meta property=\"article:modified_time\" content=\"2022-05-27T08:51:13+00:00\" \/>\n<meta property=\"og:image\" content=\"https:\/\/www.suzanneosten.se\/wp-content\/uploads\/2015\/01\/barnteater-som-konst.jpg\" \/>\n<meta name=\"twitter:card\" content=\"summary_large_image\" \/>\n<meta name=\"twitter:label1\" content=\"Est. reading time\" \/>\n\t<meta name=\"twitter:data1\" content=\"2 minutes\" \/>\n<script type=\"application\/ld+json\" class=\"yoast-schema-graph\">{\"@context\":\"https:\\\/\\\/schema.org\",\"@graph\":[{\"@type\":\"WebPage\",\"@id\":\"https:\\\/\\\/www.suzanneosten.se\\\/en\\\/books\\\/\",\"url\":\"https:\\\/\\\/www.suzanneosten.se\\\/en\\\/books\\\/\",\"name\":\"Books - Suzanne Osten\",\"isPartOf\":{\"@id\":\"https:\\\/\\\/www.suzanneosten.se\\\/en\\\/#website\"},\"primaryImageOfPage\":{\"@id\":\"https:\\\/\\\/www.suzanneosten.se\\\/en\\\/books\\\/#primaryimage\"},\"image\":{\"@id\":\"https:\\\/\\\/www.suzanneosten.se\\\/en\\\/books\\\/#primaryimage\"},\"thumbnailUrl\":\"https:\\\/\\\/www.suzanneosten.se\\\/wp-content\\\/uploads\\\/2015\\\/01\\\/barnteater-som-konst.jpg\",\"datePublished\":\"2017-04-10T05:57:16+00:00\",\"dateModified\":\"2022-05-27T08:51:13+00:00\",\"breadcrumb\":{\"@id\":\"https:\\\/\\\/www.suzanneosten.se\\\/en\\\/books\\\/#breadcrumb\"},\"inLanguage\":\"en-US\",\"potentialAction\":[{\"@type\":\"ReadAction\",\"target\":[\"https:\\\/\\\/www.suzanneosten.se\\\/en\\\/books\\\/\"]}]},{\"@type\":\"ImageObject\",\"inLanguage\":\"en-US\",\"@id\":\"https:\\\/\\\/www.suzanneosten.se\\\/en\\\/books\\\/#primaryimage\",\"url\":\"https:\\\/\\\/www.suzanneosten.se\\\/wp-content\\\/uploads\\\/2015\\\/01\\\/barnteater-som-konst.jpg\",\"contentUrl\":\"https:\\\/\\\/www.suzanneosten.se\\\/wp-content\\\/uploads\\\/2015\\\/01\\\/barnteater-som-konst.jpg\"},{\"@type\":\"BreadcrumbList\",\"@id\":\"https:\\\/\\\/www.suzanneosten.se\\\/en\\\/books\\\/#breadcrumb\",\"itemListElement\":[{\"@type\":\"ListItem\",\"position\":1,\"name\":\"Hem\",\"item\":\"https:\\\/\\\/www.suzanneosten.se\\\/en\\\/startsida\\\/\"},{\"@type\":\"ListItem\",\"position\":2,\"name\":\"Books\"}]},{\"@type\":\"WebSite\",\"@id\":\"https:\\\/\\\/www.suzanneosten.se\\\/en\\\/#website\",\"url\":\"https:\\\/\\\/www.suzanneosten.se\\\/en\\\/\",\"name\":\"Suzanne Osten\",\"description\":\"Officiell webbplats\",\"potentialAction\":[{\"@type\":\"SearchAction\",\"target\":{\"@type\":\"EntryPoint\",\"urlTemplate\":\"https:\\\/\\\/www.suzanneosten.se\\\/en\\\/?s={search_term_string}\"},\"query-input\":{\"@type\":\"PropertyValueSpecification\",\"valueRequired\":true,\"valueName\":\"search_term_string\"}}],\"inLanguage\":\"en-US\"}]}<\/script>\n<!-- \/ Yoast SEO plugin. -->","yoast_head_json":{"title":"Books - Suzanne Osten","robots":{"index":"index","follow":"follow","max-snippet":"max-snippet:-1","max-image-preview":"max-image-preview:large","max-video-preview":"max-video-preview:-1"},"canonical":"https:\/\/www.suzanneosten.se\/en\/books\/","og_locale":"en_US","og_type":"article","og_title":"Books - Suzanne Osten","og_description":"A selection of books I&#8217;ve published. Papperspappa Pj\u00e4ser med Margareta Garpe J\u00f6sses flickor &#8211; befrielsen \u00e4r n\u00e4ra K\u00e4rleksf\u00f6rest\u00e4llningar\/J\u00f6sses Flickor","og_url":"https:\/\/www.suzanneosten.se\/en\/books\/","og_site_name":"Suzanne Osten","article_modified_time":"2022-05-27T08:51:13+00:00","og_image":[{"url":"https:\/\/www.suzanneosten.se\/wp-content\/uploads\/2015\/01\/barnteater-som-konst.jpg","type":"","width":"","height":""}],"twitter_card":"summary_large_image","twitter_misc":{"Est. reading time":"2 minutes"},"schema":{"@context":"https:\/\/schema.org","@graph":[{"@type":"WebPage","@id":"https:\/\/www.suzanneosten.se\/en\/books\/","url":"https:\/\/www.suzanneosten.se\/en\/books\/","name":"Books - Suzanne Osten","isPartOf":{"@id":"https:\/\/www.suzanneosten.se\/en\/#website"},"primaryImageOfPage":{"@id":"https:\/\/www.suzanneosten.se\/en\/books\/#primaryimage"},"image":{"@id":"https:\/\/www.suzanneosten.se\/en\/books\/#primaryimage"},"thumbnailUrl":"https:\/\/www.suzanneosten.se\/wp-content\/uploads\/2015\/01\/barnteater-som-konst.jpg","datePublished":"2017-04-10T05:57:16+00:00","dateModified":"2022-05-27T08:51:13+00:00","breadcrumb":{"@id":"https:\/\/www.suzanneosten.se\/en\/books\/#breadcrumb"},"inLanguage":"en-US","potentialAction":[{"@type":"ReadAction","target":["https:\/\/www.suzanneosten.se\/en\/books\/"]}]},{"@type":"ImageObject","inLanguage":"en-US","@id":"https:\/\/www.suzanneosten.se\/en\/books\/#primaryimage","url":"https:\/\/www.suzanneosten.se\/wp-content\/uploads\/2015\/01\/barnteater-som-konst.jpg","contentUrl":"https:\/\/www.suzanneosten.se\/wp-content\/uploads\/2015\/01\/barnteater-som-konst.jpg"},{"@type":"BreadcrumbList","@id":"https:\/\/www.suzanneosten.se\/en\/books\/#breadcrumb","itemListElement":[{"@type":"ListItem","position":1,"name":"Hem","item":"https:\/\/www.suzanneosten.se\/en\/startsida\/"},{"@type":"ListItem","position":2,"name":"Books"}]},{"@type":"WebSite","@id":"https:\/\/www.suzanneosten.se\/en\/#website","url":"https:\/\/www.suzanneosten.se\/en\/","name":"Suzanne Osten","description":"Officiell webbplats","potentialAction":[{"@type":"SearchAction","target":{"@type":"EntryPoint","urlTemplate":"https:\/\/www.suzanneosten.se\/en\/?s={search_term_string}"},"query-input":{"@type":"PropertyValueSpecification","valueRequired":true,"valueName":"search_term_string"}}],"inLanguage":"en-US"}]}},"_links":{"self":[{"href":"https:\/\/www.suzanneosten.se\/en\/wp-json\/wp\/v2\/pages\/632","targetHints":{"allow":["GET"]}}],"collection":[{"href":"https:\/\/www.suzanneosten.se\/en\/wp-json\/wp\/v2\/pages"}],"about":[{"href":"https:\/\/www.suzanneosten.se\/en\/wp-json\/wp\/v2\/types\/page"}],"author":[{"embeddable":true,"href":"https:\/\/www.suzanneosten.se\/en\/wp-json\/wp\/v2\/users\/1"}],"replies":[{"embeddable":true,"href":"https:\/\/www.suzanneosten.se\/en\/wp-json\/wp\/v2\/comments?post=632"}],"version-history":[{"count":4,"href":"https:\/\/www.suzanneosten.se\/en\/wp-json\/wp\/v2\/pages\/632\/revisions"}],"predecessor-version":[{"id":1199,"href":"https:\/\/www.suzanneosten.se\/en\/wp-json\/wp\/v2\/pages\/632\/revisions\/1199"}],"wp:attachment":[{"href":"https:\/\/www.suzanneosten.se\/en\/wp-json\/wp\/v2\/media?parent=632"}],"curies":[{"name":"wp","href":"https:\/\/api.w.org\/{rel}","templated":true}]}}