{"id":1262,"date":"2022-05-27T12:16:15","date_gmt":"2022-05-27T10:16:15","guid":{"rendered":"https:\/\/www.suzanneosten.se\/?page_id=1262"},"modified":"2022-05-27T12:16:16","modified_gmt":"2022-05-27T10:16:16","slug":"research","status":"publish","type":"page","link":"https:\/\/www.suzanneosten.se\/en\/research\/","title":{"rendered":"Research"},"content":{"rendered":"\n<p><a href=\"http:\/\/www.diva-portal.org\/smash\/record.jsf?pid=diva2%3A1247386&amp;dswid=8094\" target=\"_blank\" rel=\"noreferrer noopener\">Att v\u00e4xa sidledes: Tematik, barnsyn och konstn\u00e4rlig gestaltning i Suzanne Ostens scenkonst f\u00f6r unga<\/a> (in Swedish)<\/p>\n\n\n\n<p><a href=\"https:\/\/www.researchgate.net\/publication\/311548552_The_childish_Unga_Klara_contemporary_Swedish_children's_theatre_and_its_experimental_aesthetics\" target=\"_blank\" rel=\"noreferrer noopener\">The childish Unga Klara : contemporary Swedish children&#8217;s theatre and its experimental aesthetics<\/a><\/p>\n\n\n\n<p><a href=\"https:\/\/www.researchgate.net\/publication\/257282835_Everyone_is_Romeo_and_Juliet_Staging_dementia_in_Wellkamm_to_Verona_by_Suzanne_Osten\" target=\"_blank\" rel=\"noreferrer noopener\">\u201cEveryone is Romeo and Juliet!\u201d Staging dementia in Wellk\u00e5mm to Verona by Suzanne Osten<\/a><\/p>\n","protected":false},"excerpt":{"rendered":"<p>Att v\u00e4xa sidledes: Tematik, barnsyn och konstn\u00e4rlig gestaltning i Suzanne Ostens scenkonst f\u00f6r unga (in Swedish) The childish Unga Klara : contemporary Swedish children&#8217;s theatre and its experimental aesthetics \u201cEveryone is Romeo and Juliet!\u201d Staging dementia in Wellk\u00e5mm to Verona by Suzanne Osten<\/p>\n","protected":false},"author":1,"featured_media":0,"parent":0,"menu_order":75,"comment_status":"closed","ping_status":"closed","template":"","meta":{"footnotes":""},"class_list":["post-1262","page","type-page","status-publish","hentry"],"yoast_head":"<!-- This site is optimized with the Yoast SEO plugin v27.4 - https:\/\/yoast.com\/product\/yoast-seo-wordpress\/ -->\n<title>Research - Suzanne Osten<\/title>\n<meta name=\"robots\" content=\"index, follow, max-snippet:-1, max-image-preview:large, max-video-preview:-1\" \/>\n<link rel=\"canonical\" href=\"https:\/\/www.suzanneosten.se\/en\/research\/\" \/>\n<meta property=\"og:locale\" content=\"en_US\" \/>\n<meta property=\"og:type\" content=\"article\" \/>\n<meta property=\"og:title\" content=\"Research - Suzanne Osten\" \/>\n<meta property=\"og:description\" content=\"Att v\u00e4xa sidledes: Tematik, barnsyn och konstn\u00e4rlig gestaltning i Suzanne Ostens scenkonst f\u00f6r unga (in Swedish) The childish Unga Klara : contemporary Swedish children&#8217;s theatre and its experimental aesthetics \u201cEveryone is Romeo and Juliet!\u201d Staging dementia in Wellk\u00e5mm to Verona by Suzanne Osten\" \/>\n<meta property=\"og:url\" content=\"https:\/\/www.suzanneosten.se\/en\/research\/\" \/>\n<meta property=\"og:site_name\" content=\"Suzanne Osten\" \/>\n<meta property=\"article:modified_time\" content=\"2022-05-27T10:16:16+00:00\" \/>\n<meta name=\"twitter:card\" content=\"summary_large_image\" \/>\n<meta name=\"twitter:label1\" content=\"Est. reading time\" \/>\n\t<meta name=\"twitter:data1\" content=\"1 minute\" \/>\n<script type=\"application\/ld+json\" class=\"yoast-schema-graph\">{\"@context\":\"https:\\\/\\\/schema.org\",\"@graph\":[{\"@type\":\"WebPage\",\"@id\":\"https:\\\/\\\/www.suzanneosten.se\\\/en\\\/research\\\/\",\"url\":\"https:\\\/\\\/www.suzanneosten.se\\\/en\\\/research\\\/\",\"name\":\"Research - Suzanne Osten\",\"isPartOf\":{\"@id\":\"https:\\\/\\\/www.suzanneosten.se\\\/en\\\/#website\"},\"datePublished\":\"2022-05-27T10:16:15+00:00\",\"dateModified\":\"2022-05-27T10:16:16+00:00\",\"breadcrumb\":{\"@id\":\"https:\\\/\\\/www.suzanneosten.se\\\/en\\\/research\\\/#breadcrumb\"},\"inLanguage\":\"en-US\",\"potentialAction\":[{\"@type\":\"ReadAction\",\"target\":[\"https:\\\/\\\/www.suzanneosten.se\\\/en\\\/research\\\/\"]}]},{\"@type\":\"BreadcrumbList\",\"@id\":\"https:\\\/\\\/www.suzanneosten.se\\\/en\\\/research\\\/#breadcrumb\",\"itemListElement\":[{\"@type\":\"ListItem\",\"position\":1,\"name\":\"Hem\",\"item\":\"https:\\\/\\\/www.suzanneosten.se\\\/en\\\/startsida\\\/\"},{\"@type\":\"ListItem\",\"position\":2,\"name\":\"Research\"}]},{\"@type\":\"WebSite\",\"@id\":\"https:\\\/\\\/www.suzanneosten.se\\\/en\\\/#website\",\"url\":\"https:\\\/\\\/www.suzanneosten.se\\\/en\\\/\",\"name\":\"Suzanne Osten\",\"description\":\"Officiell webbplats\",\"potentialAction\":[{\"@type\":\"SearchAction\",\"target\":{\"@type\":\"EntryPoint\",\"urlTemplate\":\"https:\\\/\\\/www.suzanneosten.se\\\/en\\\/?s={search_term_string}\"},\"query-input\":{\"@type\":\"PropertyValueSpecification\",\"valueRequired\":true,\"valueName\":\"search_term_string\"}}],\"inLanguage\":\"en-US\"}]}<\/script>\n<!-- \/ Yoast SEO plugin. -->","yoast_head_json":{"title":"Research - Suzanne Osten","robots":{"index":"index","follow":"follow","max-snippet":"max-snippet:-1","max-image-preview":"max-image-preview:large","max-video-preview":"max-video-preview:-1"},"canonical":"https:\/\/www.suzanneosten.se\/en\/research\/","og_locale":"en_US","og_type":"article","og_title":"Research - Suzanne Osten","og_description":"Att v\u00e4xa sidledes: Tematik, barnsyn och konstn\u00e4rlig gestaltning i Suzanne Ostens scenkonst f\u00f6r unga (in Swedish) The childish Unga Klara : contemporary Swedish children&#8217;s theatre and its experimental aesthetics \u201cEveryone is Romeo and Juliet!\u201d Staging dementia in Wellk\u00e5mm to Verona by Suzanne Osten","og_url":"https:\/\/www.suzanneosten.se\/en\/research\/","og_site_name":"Suzanne Osten","article_modified_time":"2022-05-27T10:16:16+00:00","twitter_card":"summary_large_image","twitter_misc":{"Est. reading time":"1 minute"},"schema":{"@context":"https:\/\/schema.org","@graph":[{"@type":"WebPage","@id":"https:\/\/www.suzanneosten.se\/en\/research\/","url":"https:\/\/www.suzanneosten.se\/en\/research\/","name":"Research - Suzanne Osten","isPartOf":{"@id":"https:\/\/www.suzanneosten.se\/en\/#website"},"datePublished":"2022-05-27T10:16:15+00:00","dateModified":"2022-05-27T10:16:16+00:00","breadcrumb":{"@id":"https:\/\/www.suzanneosten.se\/en\/research\/#breadcrumb"},"inLanguage":"en-US","potentialAction":[{"@type":"ReadAction","target":["https:\/\/www.suzanneosten.se\/en\/research\/"]}]},{"@type":"BreadcrumbList","@id":"https:\/\/www.suzanneosten.se\/en\/research\/#breadcrumb","itemListElement":[{"@type":"ListItem","position":1,"name":"Hem","item":"https:\/\/www.suzanneosten.se\/en\/startsida\/"},{"@type":"ListItem","position":2,"name":"Research"}]},{"@type":"WebSite","@id":"https:\/\/www.suzanneosten.se\/en\/#website","url":"https:\/\/www.suzanneosten.se\/en\/","name":"Suzanne Osten","description":"Officiell webbplats","potentialAction":[{"@type":"SearchAction","target":{"@type":"EntryPoint","urlTemplate":"https:\/\/www.suzanneosten.se\/en\/?s={search_term_string}"},"query-input":{"@type":"PropertyValueSpecification","valueRequired":true,"valueName":"search_term_string"}}],"inLanguage":"en-US"}]}},"_links":{"self":[{"href":"https:\/\/www.suzanneosten.se\/en\/wp-json\/wp\/v2\/pages\/1262","targetHints":{"allow":["GET"]}}],"collection":[{"href":"https:\/\/www.suzanneosten.se\/en\/wp-json\/wp\/v2\/pages"}],"about":[{"href":"https:\/\/www.suzanneosten.se\/en\/wp-json\/wp\/v2\/types\/page"}],"author":[{"embeddable":true,"href":"https:\/\/www.suzanneosten.se\/en\/wp-json\/wp\/v2\/users\/1"}],"replies":[{"embeddable":true,"href":"https:\/\/www.suzanneosten.se\/en\/wp-json\/wp\/v2\/comments?post=1262"}],"version-history":[{"count":1,"href":"https:\/\/www.suzanneosten.se\/en\/wp-json\/wp\/v2\/pages\/1262\/revisions"}],"predecessor-version":[{"id":1263,"href":"https:\/\/www.suzanneosten.se\/en\/wp-json\/wp\/v2\/pages\/1262\/revisions\/1263"}],"wp:attachment":[{"href":"https:\/\/www.suzanneosten.se\/en\/wp-json\/wp\/v2\/media?parent=1262"}],"curies":[{"name":"wp","href":"https:\/\/api.w.org\/{rel}","templated":true}]}}